{"id":19,"date":"2019-11-01T22:08:00","date_gmt":"2019-11-01T22:08:00","guid":{"rendered":"http:\/\/backgroundnoise.es\/?page_id=19"},"modified":"2025-05-13T12:14:54","modified_gmt":"2025-05-13T12:14:54","slug":"conciertos","status":"publish","type":"page","link":"https:\/\/backgroundnoise.es\/index.php\/conciertos\/","title":{"rendered":"Conciertos"},"content":{"rendered":"\n<h2>MAYO <strong>202<\/strong>5<\/h2>\n\n\n\n<p class=\"has-black-color has-text-color\"><strong>VIERNES 16 DE MAYO<\/strong><\/p>\n\n\n\n<p class=\"has-black-color has-text-color\">Chicle- Nuevo Espacio Carri\u00f3n- Valladolid (Conexi\u00f3n Valladolid)<\/p>\n\n\n\n<p class=\"has-black-color has-text-color\"><strong><strong>S\u00c1BADO 17 DE MAYO<\/strong><\/strong><\/p>\n\n\n\n<p class=\"has-black-color has-text-color\">Tierra Santa- Sala Mon- Madrid<\/p>\n\n\n\n<p class=\"has-black-color has-text-color\"><strong>MI\u00c9RCOLES 21 DE MAYO<\/strong><\/p>\n\n\n\n<p class=\"has-black-color has-text-color\">Joshua Radin- Club Sauvage- Barcelona<\/p>\n\n\n\n<p class=\"has-black-color has-text-color\"><strong>S\u00c1BADO 24 DE MAYO<\/strong><\/p>\n\n\n\n<p class=\"has-black-color has-text-color\">Bihotza- Festival Ehuneko bat &#8211; Parque de Bekosolo (Etxebarri- Vizcaya)<\/p>\n\n\n\n<p>Tierra Santa- Rever (Antes Hangar)- Logro\u00f1o<\/p>\n\n\n\n<p class=\"has-black-color has-text-color\"><strong>VIERNES 30 DE MAYO<\/strong><\/p>\n\n\n\n<p>Tierra Santa- Jimmy Jazz- Vitoria<\/p>\n\n\n\n<p class=\"has-black-color has-text-color\"><strong>S\u00c1BADO 31 DE MAYO<\/strong><\/p>\n\n\n\n<p class=\"has-black-color has-text-color\">Tierra Santa- Sala Master Club- Vigo<\/p>\n\n\n\n<p>Hamlet- Plaza Ram\u00f3n Llull- Manacor (Mallorca)<\/p>\n","protected":false},"excerpt":{"rendered":"<p>MAYO 2025 VIERNES 16 DE MAYO Chicle- Nuevo Espacio Carri\u00f3n- Valladolid (Conexi\u00f3n Valladolid) S\u00c1BADO 17 DE MAYO Tierra Santa- Sala Mon- Madrid MI\u00c9RCOLES 21 DE MAYO Joshua Radin- Club Sauvage- Barcelona S\u00c1BADO 24 DE MAYO Bihotza- Festival Ehuneko bat &#8211; Parque de Bekosolo (Etxebarri- Vizcaya) Tierra Santa- Rever (Antes Hangar)- Logro\u00f1o VIERNES 30 DE MAYO [&hellip;]<\/p>\n","protected":false},"author":1,"featured_media":0,"parent":0,"menu_order":0,"comment_status":"closed","ping_status":"closed","template":"","meta":[],"_links":{"self":[{"href":"https:\/\/backgroundnoise.es\/index.php\/wp-json\/wp\/v2\/pages\/19"}],"collection":[{"href":"https:\/\/backgroundnoise.es\/index.php\/wp-json\/wp\/v2\/pages"}],"about":[{"href":"https:\/\/backgroundnoise.es\/index.php\/wp-json\/wp\/v2\/types\/page"}],"author":[{"embeddable":true,"href":"https:\/\/backgroundnoise.es\/index.php\/wp-json\/wp\/v2\/users\/1"}],"replies":[{"embeddable":true,"href":"https:\/\/backgroundnoise.es\/index.php\/wp-json\/wp\/v2\/comments?post=19"}],"version-history":[{"count":57,"href":"https:\/\/backgroundnoise.es\/index.php\/wp-json\/wp\/v2\/pages\/19\/revisions"}],"predecessor-version":[{"id":2440,"href":"https:\/\/backgroundnoise.es\/index.php\/wp-json\/wp\/v2\/pages\/19\/revisions\/2440"}],"wp:attachment":[{"href":"https:\/\/backgroundnoise.es\/index.php\/wp-json\/wp\/v2\/media?parent=19"}],"curies":[{"name":"wp","href":"https:\/\/api.w.org\/{rel}","templated":true}]}}